{"id":377,"date":"2024-12-05T07:44:29","date_gmt":"2024-12-05T07:44:29","guid":{"rendered":"https:\/\/yanis-ezzamouri.fr\/?page_id=377"},"modified":"2025-05-12T13:20:18","modified_gmt":"2025-05-12T13:20:18","slug":"stage-1ere-annee","status":"publish","type":"page","link":"https:\/\/yanis-ezzamouri.fr\/?page_id=377","title":{"rendered":"Stage 1\u00e8re ann\u00e9e"},"content":{"rendered":"\n<figure class=\"wp-block-table\"><table class=\"has-fixed-layout\"><tbody><tr><td class=\"has-text-align-center\" data-align=\"center\"><strong>Entreprise d\u00e9march\u00e9e<\/strong><\/td><td class=\"has-text-align-center\" data-align=\"center\"><strong>Date de d\u00e9marchage<\/strong><\/td><td class=\"has-text-align-center\" data-align=\"center\"><strong>R\u00e9ponse<\/strong><\/td><\/tr><tr><td class=\"has-text-align-center\" data-align=\"center\">ATX Computer<\/td><td class=\"has-text-align-center\" data-align=\"center\">07\/02\/2025<\/td><td class=\"has-text-align-center\" data-align=\"center\">AUCUNE<\/td><\/tr><tr><td class=\"has-text-align-center\" data-align=\"center\">Twineo<\/td><td class=\"has-text-align-center\" data-align=\"center\">11\/02\/2025<\/td><td class=\"has-text-align-center\" data-align=\"center\">POSITIVE<\/td><\/tr><\/tbody><\/table><\/figure>\n\n\n\n<p><\/p>\n","protected":false},"excerpt":{"rendered":"<p>Entreprise d\u00e9march\u00e9e Date de d\u00e9marchage R\u00e9ponse ATX Computer 07\/02\/2025 AUCUNE Twineo 11\/02\/2025 POSITIVE<\/p>\n","protected":false},"author":1,"featured_media":0,"parent":0,"menu_order":0,"comment_status":"closed","ping_status":"closed","template":"","meta":{"footnotes":""},"class_list":["post-377","page","type-page","status-publish","hentry"],"_links":{"self":[{"href":"https:\/\/yanis-ezzamouri.fr\/index.php?rest_route=\/wp\/v2\/pages\/377","targetHints":{"allow":["GET"]}}],"collection":[{"href":"https:\/\/yanis-ezzamouri.fr\/index.php?rest_route=\/wp\/v2\/pages"}],"about":[{"href":"https:\/\/yanis-ezzamouri.fr\/index.php?rest_route=\/wp\/v2\/types\/page"}],"author":[{"embeddable":true,"href":"https:\/\/yanis-ezzamouri.fr\/index.php?rest_route=\/wp\/v2\/users\/1"}],"replies":[{"embeddable":true,"href":"https:\/\/yanis-ezzamouri.fr\/index.php?rest_route=%2Fwp%2Fv2%2Fcomments&post=377"}],"version-history":[{"count":5,"href":"https:\/\/yanis-ezzamouri.fr\/index.php?rest_route=\/wp\/v2\/pages\/377\/revisions"}],"predecessor-version":[{"id":572,"href":"https:\/\/yanis-ezzamouri.fr\/index.php?rest_route=\/wp\/v2\/pages\/377\/revisions\/572"}],"wp:attachment":[{"href":"https:\/\/yanis-ezzamouri.fr\/index.php?rest_route=%2Fwp%2Fv2%2Fmedia&parent=377"}],"curies":[{"name":"wp","href":"https:\/\/api.w.org\/{rel}","templated":true}]}}