{"id":381,"date":"2024-12-05T07:45:40","date_gmt":"2024-12-05T07:45:40","guid":{"rendered":"https:\/\/yanis-ezzamouri.fr\/?page_id=381"},"modified":"2026-03-24T18:11:26","modified_gmt":"2026-03-24T18:11:26","slug":"stage-2eme-annee","status":"publish","type":"page","link":"https:\/\/yanis-ezzamouri.fr\/?page_id=381","title":{"rendered":"Stage 2\u00e8me ann\u00e9e"},"content":{"rendered":"\n<figure class=\"wp-block-table\"><table class=\"has-fixed-layout\"><tbody><tr><td class=\"has-text-align-center\" data-align=\"center\"><strong>Entreprise d\u00e9march\u00e9e<\/strong><\/td><td class=\"has-text-align-center\" data-align=\"center\"><strong>Date de d\u00e9marchage<\/strong><\/td><td class=\"has-text-align-center\" data-align=\"center\"><strong>R\u00e9ponse<\/strong><\/td><\/tr><tr><td class=\"has-text-align-center\" data-align=\"center\">TWINEO<\/td><td class=\"has-text-align-center\" data-align=\"center\">Premier stage<\/td><td class=\"has-text-align-center\" data-align=\"center\">POSITIVE<\/td><\/tr><\/tbody><\/table><\/figure>\n\n\n\n<p><\/p>\n","protected":false},"excerpt":{"rendered":"<p>Entreprise d\u00e9march\u00e9e Date de d\u00e9marchage R\u00e9ponse TWINEO Premier stage POSITIVE<\/p>\n","protected":false},"author":1,"featured_media":0,"parent":0,"menu_order":0,"comment_status":"closed","ping_status":"closed","template":"","meta":{"footnotes":""},"class_list":["post-381","page","type-page","status-publish","hentry"],"_links":{"self":[{"href":"https:\/\/yanis-ezzamouri.fr\/index.php?rest_route=\/wp\/v2\/pages\/381","targetHints":{"allow":["GET"]}}],"collection":[{"href":"https:\/\/yanis-ezzamouri.fr\/index.php?rest_route=\/wp\/v2\/pages"}],"about":[{"href":"https:\/\/yanis-ezzamouri.fr\/index.php?rest_route=\/wp\/v2\/types\/page"}],"author":[{"embeddable":true,"href":"https:\/\/yanis-ezzamouri.fr\/index.php?rest_route=\/wp\/v2\/users\/1"}],"replies":[{"embeddable":true,"href":"https:\/\/yanis-ezzamouri.fr\/index.php?rest_route=%2Fwp%2Fv2%2Fcomments&post=381"}],"version-history":[{"count":4,"href":"https:\/\/yanis-ezzamouri.fr\/index.php?rest_route=\/wp\/v2\/pages\/381\/revisions"}],"predecessor-version":[{"id":617,"href":"https:\/\/yanis-ezzamouri.fr\/index.php?rest_route=\/wp\/v2\/pages\/381\/revisions\/617"}],"wp:attachment":[{"href":"https:\/\/yanis-ezzamouri.fr\/index.php?rest_route=%2Fwp%2Fv2%2Fmedia&parent=381"}],"curies":[{"name":"wp","href":"https:\/\/api.w.org\/{rel}","templated":true}]}}