{"id":419,"date":"2024-12-05T08:33:45","date_gmt":"2024-12-05T08:33:45","guid":{"rendered":"https:\/\/yanis-ezzamouri.fr\/?page_id=419"},"modified":"2026-05-10T11:51:18","modified_gmt":"2026-05-10T11:51:18","slug":"acceuil","status":"publish","type":"page","link":"https:\/\/yanis-ezzamouri.fr\/","title":{"rendered":"acceuil"},"content":{"rendered":"\n<p>Je&nbsp;suis \u00e9tudiant au <strong>Lyc\u00e9e Antoine de Saint-Exup\u00e9ry<\/strong>&nbsp;\u00e0 Saint-Rapha\u00ebl (83) en deuxi\u00e8me ann\u00e9e de&nbsp;<strong>BTS SIO<\/strong>&nbsp;(Services Informatiques aux Organisations), sp\u00e9cialit\u00e9&nbsp;SISR (R\u00e9seau).<br><\/p>\n\n\n\n<p>J\u2019ai toujours \u00e9t\u00e9 int\u00e9resser par l\u2019informatique. C\u2019est tout naturellement que je me suis tourn\u00e9 vers cette formation, apr\u00e8s avoir obtenu mon&nbsp;<strong>BAC Professionnel Syst\u00e8me Num\u00e9rique &#8211; Mention Bien<\/strong>&nbsp;en 2024.<\/p>\n\n\n\n<p><\/p>\n\n\n\n<p>Ce site aura pour but de se pr\u00e9senter \u00e0 l&rsquo;\u00e9preuve E5 du BTS Sio.<\/p>\n\n\n\n<p><\/p>\n","protected":false},"excerpt":{"rendered":"<p>Je&nbsp;suis \u00e9tudiant au Lyc\u00e9e Antoine de Saint-Exup\u00e9ry&nbsp;\u00e0 Saint-Rapha\u00ebl (83) en deuxi\u00e8me ann\u00e9e de&nbsp;BTS SIO&nbsp;(Services Informatiques aux Organisations), sp\u00e9cialit\u00e9&nbsp;SISR (R\u00e9seau). J\u2019ai toujours \u00e9t\u00e9 int\u00e9resser par l\u2019informatique. C\u2019est tout naturellement que je me suis tourn\u00e9 vers cette formation, apr\u00e8s avoir obtenu mon&nbsp;BAC Professionnel Syst\u00e8me Num\u00e9rique &#8211; Mention Bien&nbsp;en 2024. Ce site aura pour but de se pr\u00e9senter [&hellip;]<\/p>\n","protected":false},"author":1,"featured_media":0,"parent":0,"menu_order":0,"comment_status":"closed","ping_status":"closed","template":"","meta":{"footnotes":""},"class_list":["post-419","page","type-page","status-publish","hentry"],"_links":{"self":[{"href":"https:\/\/yanis-ezzamouri.fr\/index.php?rest_route=\/wp\/v2\/pages\/419","targetHints":{"allow":["GET"]}}],"collection":[{"href":"https:\/\/yanis-ezzamouri.fr\/index.php?rest_route=\/wp\/v2\/pages"}],"about":[{"href":"https:\/\/yanis-ezzamouri.fr\/index.php?rest_route=\/wp\/v2\/types\/page"}],"author":[{"embeddable":true,"href":"https:\/\/yanis-ezzamouri.fr\/index.php?rest_route=\/wp\/v2\/users\/1"}],"replies":[{"embeddable":true,"href":"https:\/\/yanis-ezzamouri.fr\/index.php?rest_route=%2Fwp%2Fv2%2Fcomments&post=419"}],"version-history":[{"count":6,"href":"https:\/\/yanis-ezzamouri.fr\/index.php?rest_route=\/wp\/v2\/pages\/419\/revisions"}],"predecessor-version":[{"id":801,"href":"https:\/\/yanis-ezzamouri.fr\/index.php?rest_route=\/wp\/v2\/pages\/419\/revisions\/801"}],"wp:attachment":[{"href":"https:\/\/yanis-ezzamouri.fr\/index.php?rest_route=%2Fwp%2Fv2%2Fmedia&parent=419"}],"curies":[{"name":"wp","href":"https:\/\/api.w.org\/{rel}","templated":true}]}}