{"id":573,"date":"2025-05-12T13:34:10","date_gmt":"2025-05-12T13:34:10","guid":{"rendered":"https:\/\/yanis-ezzamouri.fr\/?page_id=573"},"modified":"2026-04-01T11:12:57","modified_gmt":"2026-04-01T11:12:57","slug":"cisco","status":"publish","type":"page","link":"https:\/\/yanis-ezzamouri.fr\/?page_id=573","title":{"rendered":"Cisco"},"content":{"rendered":"\n<div data-wp-interactive=\"core\/file\" class=\"wp-block-file\"><object data-wp-bind--hidden=\"!state.hasPdfPreview\" hidden class=\"wp-block-file__embed\" data=\"https:\/\/yanis-ezzamouri.fr\/wp-content\/uploads\/2025\/05\/ADRESSAGE-RESEAU-BADGE.pdf\" type=\"application\/pdf\" style=\"width:100%;height:600px\" aria-label=\"Contenu embarqu\u00e9 ADRESSAGE-RESEAU-BADGE.\"><\/object><a id=\"wp-block-file--media-a1d0680e-86d1-44ad-bbe2-c8f12d656498\" href=\"https:\/\/yanis-ezzamouri.fr\/wp-content\/uploads\/2025\/05\/ADRESSAGE-RESEAU-BADGE.pdf\">ADRESSAGE-RESEAU-BADGE<\/a><a href=\"https:\/\/yanis-ezzamouri.fr\/wp-content\/uploads\/2025\/05\/ADRESSAGE-RESEAU-BADGE.pdf\" class=\"wp-block-file__button wp-element-button\" download aria-describedby=\"wp-block-file--media-a1d0680e-86d1-44ad-bbe2-c8f12d656498\">T\u00e9l\u00e9charger<\/a><\/div>\n\n\n\n<div data-wp-interactive=\"core\/file\" class=\"wp-block-file\"><object data-wp-bind--hidden=\"!state.hasPdfPreview\" hidden class=\"wp-block-file__embed\" data=\"https:\/\/yanis-ezzamouri.fr\/wp-content\/uploads\/2025\/05\/Cyber_Threat_Management_Badge20241211-26-bu17zh.pdf\" type=\"application\/pdf\" style=\"width:100%;height:600px\" aria-label=\"Contenu embarqu\u00e9 Cyber_Threat_Management_Badge20241211-26-bu17zh.\"><\/object><a id=\"wp-block-file--media-26d56223-2b2e-4d9b-aadd-3a0bbf70c30e\" href=\"https:\/\/yanis-ezzamouri.fr\/wp-content\/uploads\/2025\/05\/Cyber_Threat_Management_Badge20241211-26-bu17zh.pdf\">Cyber_Threat_Management_Badge20241211-26-bu17zh<\/a><a href=\"https:\/\/yanis-ezzamouri.fr\/wp-content\/uploads\/2025\/05\/Cyber_Threat_Management_Badge20241211-26-bu17zh.pdf\" class=\"wp-block-file__button wp-element-button\" download aria-describedby=\"wp-block-file--media-26d56223-2b2e-4d9b-aadd-3a0bbf70c30e\">T\u00e9l\u00e9charger<\/a><\/div>\n\n\n\n<div data-wp-interactive=\"core\/file\" class=\"wp-block-file\"><object data-wp-bind--hidden=\"!state.hasPdfPreview\" hidden class=\"wp-block-file__embed\" data=\"https:\/\/yanis-ezzamouri.fr\/wp-content\/uploads\/2025\/05\/Introduction_to_Cybersecurity_Badge-YE.pdf\" type=\"application\/pdf\" style=\"width:100%;height:600px\" aria-label=\"Contenu embarqu\u00e9 Introduction \u00e0 la Cybers\u00e9curit\u00e9.\"><\/object><a id=\"wp-block-file--media-13cdb207-a3f5-45c5-b817-2cbe1d414b20\" href=\"https:\/\/yanis-ezzamouri.fr\/wp-content\/uploads\/2025\/05\/Introduction_to_Cybersecurity_Badge-YE.pdf\">Introduction \u00e0 la Cybers\u00e9curit\u00e9<\/a><a href=\"https:\/\/yanis-ezzamouri.fr\/wp-content\/uploads\/2025\/05\/Introduction_to_Cybersecurity_Badge-YE.pdf\" class=\"wp-block-file__button wp-element-button\" download aria-describedby=\"wp-block-file--media-13cdb207-a3f5-45c5-b817-2cbe1d414b20\">T\u00e9l\u00e9charger<\/a><\/div>\n\n\n\n<div data-wp-interactive=\"core\/file\" class=\"wp-block-file\"><object data-wp-bind--hidden=\"!state.hasPdfPreview\" hidden class=\"wp-block-file__embed\" data=\"https:\/\/yanis-ezzamouri.fr\/wp-content\/uploads\/2025\/05\/IntrotoIoTUpdate20250512-28-rmla9p-1.pdf\" type=\"application\/pdf\" style=\"width:100%;height:600px\" aria-label=\"Contenu embarqu\u00e9 Introduction \u00e0 L&apos;IOT.\"><\/object><a id=\"wp-block-file--media-f2b05009-97e2-46cb-b030-59577fa30406\" href=\"https:\/\/yanis-ezzamouri.fr\/wp-content\/uploads\/2025\/05\/IntrotoIoTUpdate20250512-28-rmla9p-1.pdf\">Introduction \u00e0 L&rsquo;IOT<\/a><a href=\"https:\/\/yanis-ezzamouri.fr\/wp-content\/uploads\/2025\/05\/IntrotoIoTUpdate20250512-28-rmla9p-1.pdf\" class=\"wp-block-file__button wp-element-button\" download aria-describedby=\"wp-block-file--media-f2b05009-97e2-46cb-b030-59577fa30406\">T\u00e9l\u00e9charger<\/a><\/div>\n\n\n\n<div data-wp-interactive=\"core\/file\" class=\"wp-block-file\"><object data-wp-bind--hidden=\"!state.hasPdfPreview\" hidden class=\"wp-block-file__embed\" data=\"https:\/\/yanis-ezzamouri.fr\/wp-content\/uploads\/2025\/05\/JavaScriptEssentials1Update20250512-27-bir1j5-1.pdf\" type=\"application\/pdf\" style=\"width:100%;height:600px\" aria-label=\"Contenu embarqu\u00e9 JavaScript Essential 1.\"><\/object><a id=\"wp-block-file--media-90f075bd-a31e-4770-83c9-9484aa27c2ea\" href=\"https:\/\/yanis-ezzamouri.fr\/wp-content\/uploads\/2025\/05\/JavaScriptEssentials1Update20250512-27-bir1j5-1.pdf\">JavaScript Essential 1<\/a><a href=\"https:\/\/yanis-ezzamouri.fr\/wp-content\/uploads\/2025\/05\/JavaScriptEssentials1Update20250512-27-bir1j5-1.pdf\" class=\"wp-block-file__button wp-element-button\" download aria-describedby=\"wp-block-file--media-90f075bd-a31e-4770-83c9-9484aa27c2ea\">T\u00e9l\u00e9charger<\/a><\/div>\n\n\n\n<div data-wp-interactive=\"core\/file\" class=\"wp-block-file\"><object data-wp-bind--hidden=\"!state.hasPdfPreview\" hidden class=\"wp-block-file__embed\" data=\"https:\/\/yanis-ezzamouri.fr\/wp-content\/uploads\/2025\/05\/Python_Essentials_1_Badge20241211-27-fkkzb1.pdf\" type=\"application\/pdf\" style=\"width:100%;height:600px\" aria-label=\"Contenu embarqu\u00e9 Python Essential.\"><\/object><a id=\"wp-block-file--media-70a5fa81-2f80-4491-a21f-6347d9073e5d\" href=\"https:\/\/yanis-ezzamouri.fr\/wp-content\/uploads\/2025\/05\/Python_Essentials_1_Badge20241211-27-fkkzb1.pdf\">Python Essential<\/a><a href=\"https:\/\/yanis-ezzamouri.fr\/wp-content\/uploads\/2025\/05\/Python_Essentials_1_Badge20241211-27-fkkzb1.pdf\" class=\"wp-block-file__button wp-element-button\" download aria-describedby=\"wp-block-file--media-70a5fa81-2f80-4491-a21f-6347d9073e5d\">T\u00e9l\u00e9charger<\/a><\/div>\n\n\n\n<div data-wp-interactive=\"core\/file\" class=\"wp-block-file\"><object data-wp-bind--hidden=\"!state.hasPdfPreview\" hidden class=\"wp-block-file__embed\" data=\"https:\/\/yanis-ezzamouri.fr\/wp-content\/uploads\/2025\/10\/Adressage-reseau-et-configuration-de-base.pdf\" type=\"application\/pdf\" style=\"width:100%;height:600px\" aria-label=\"Contenu embarqu\u00e9 Adressage r\u00e9seau et configuration de base.\"><\/object><a id=\"wp-block-file--media-9eb7aa59-23af-4167-965f-4d5cabd46137\" href=\"https:\/\/yanis-ezzamouri.fr\/wp-content\/uploads\/2025\/10\/Adressage-reseau-et-configuration-de-base.pdf\">Adressage r\u00e9seau et configuration de base<\/a><a href=\"https:\/\/yanis-ezzamouri.fr\/wp-content\/uploads\/2025\/10\/Adressage-reseau-et-configuration-de-base.pdf\" class=\"wp-block-file__button wp-element-button\" download aria-describedby=\"wp-block-file--media-9eb7aa59-23af-4167-965f-4d5cabd46137\">T\u00e9l\u00e9charger<\/a><\/div>\n\n\n\n<div data-wp-interactive=\"core\/file\" class=\"wp-block-file\"><object data-wp-bind--hidden=\"!state.hasPdfPreview\" hidden class=\"wp-block-file__embed\" data=\"https:\/\/yanis-ezzamouri.fr\/wp-content\/uploads\/2026\/03\/CyberOps_Associate_certificate_ezzamouri-yanis-gmail-com_ed801b5f-52d8-4430-beab-cd5e7f583cb4.pdf\" type=\"application\/pdf\" style=\"width:100%;height:600px\" aria-label=\"Contenu embarqu\u00e9 CyberOps_Associate_certificate_ezzamouri-yanis-gmail-com_ed801b5f-52d8-4430-beab-cd5e7f583cb4.\"><\/object><a id=\"wp-block-file--media-e5050cd5-7df9-449d-8442-5e432bc1322a\" href=\"https:\/\/yanis-ezzamouri.fr\/wp-content\/uploads\/2026\/03\/CyberOps_Associate_certificate_ezzamouri-yanis-gmail-com_ed801b5f-52d8-4430-beab-cd5e7f583cb4.pdf\">CyberOps_Associate_certificate_ezzamouri-yanis-gmail-com_ed801b5f-52d8-4430-beab-cd5e7f583cb4<\/a><a href=\"https:\/\/yanis-ezzamouri.fr\/wp-content\/uploads\/2026\/03\/CyberOps_Associate_certificate_ezzamouri-yanis-gmail-com_ed801b5f-52d8-4430-beab-cd5e7f583cb4.pdf\" class=\"wp-block-file__button wp-element-button\" download aria-describedby=\"wp-block-file--media-e5050cd5-7df9-449d-8442-5e432bc1322a\">T\u00e9l\u00e9charger<\/a><\/div>\n\n\n\n<div data-wp-interactive=\"core\/file\" class=\"wp-block-file\"><object data-wp-bind--hidden=\"!state.hasPdfPreview\" hidden class=\"wp-block-file__embed\" data=\"https:\/\/yanis-ezzamouri.fr\/wp-content\/uploads\/2026\/04\/CCNA.pdf\" type=\"application\/pdf\" style=\"width:100%;height:600px\" aria-label=\"Contenu embarqu\u00e9 CCNA.\"><\/object><a id=\"wp-block-file--media-99ea7f82-7b71-4449-b514-349a69f4c35d\" href=\"https:\/\/yanis-ezzamouri.fr\/wp-content\/uploads\/2026\/04\/CCNA.pdf\">CCNA<\/a><a href=\"https:\/\/yanis-ezzamouri.fr\/wp-content\/uploads\/2026\/04\/CCNA.pdf\" class=\"wp-block-file__button wp-element-button\" download aria-describedby=\"wp-block-file--media-99ea7f82-7b71-4449-b514-349a69f4c35d\">T\u00e9l\u00e9charger<\/a><\/div>\n","protected":false},"excerpt":{"rendered":"","protected":false},"author":1,"featured_media":0,"parent":0,"menu_order":0,"comment_status":"closed","ping_status":"closed","template":"","meta":{"footnotes":""},"class_list":["post-573","page","type-page","status-publish","hentry"],"_links":{"self":[{"href":"https:\/\/yanis-ezzamouri.fr\/index.php?rest_route=\/wp\/v2\/pages\/573","targetHints":{"allow":["GET"]}}],"collection":[{"href":"https:\/\/yanis-ezzamouri.fr\/index.php?rest_route=\/wp\/v2\/pages"}],"about":[{"href":"https:\/\/yanis-ezzamouri.fr\/index.php?rest_route=\/wp\/v2\/types\/page"}],"author":[{"embeddable":true,"href":"https:\/\/yanis-ezzamouri.fr\/index.php?rest_route=\/wp\/v2\/users\/1"}],"replies":[{"embeddable":true,"href":"https:\/\/yanis-ezzamouri.fr\/index.php?rest_route=%2Fwp%2Fv2%2Fcomments&post=573"}],"version-history":[{"count":4,"href":"https:\/\/yanis-ezzamouri.fr\/index.php?rest_route=\/wp\/v2\/pages\/573\/revisions"}],"predecessor-version":[{"id":620,"href":"https:\/\/yanis-ezzamouri.fr\/index.php?rest_route=\/wp\/v2\/pages\/573\/revisions\/620"}],"wp:attachment":[{"href":"https:\/\/yanis-ezzamouri.fr\/index.php?rest_route=%2Fwp%2Fv2%2Fmedia&parent=573"}],"curies":[{"name":"wp","href":"https:\/\/api.w.org\/{rel}","templated":true}]}}