{"id":70,"date":"2024-11-27T10:40:54","date_gmt":"2024-11-27T10:40:54","guid":{"rendered":"https:\/\/yanis-ezzamouri.fr\/?page_id=70"},"modified":"2026-05-10T11:49:45","modified_gmt":"2026-05-10T11:49:45","slug":"competences","status":"publish","type":"page","link":"https:\/\/yanis-ezzamouri.fr\/?page_id=70","title":{"rendered":"Comp\u00e9tences"},"content":{"rendered":"<ul class=\"wp-block-categories-list wp-block-categories\">\t<li class=\"cat-item cat-item-10\"><a href=\"https:\/\/yanis-ezzamouri.fr\/?cat=10\">1.1 G\u00e9rer le patrimoine informatique<\/a>\n<ul class='children'>\n\t<li class=\"cat-item cat-item-16\"><a href=\"https:\/\/yanis-ezzamouri.fr\/?cat=16\">1.1.1 Recenser et identifier les ressources num\u00e9riques<\/a>\n<\/li>\n\t<li class=\"cat-item cat-item-17\"><a href=\"https:\/\/yanis-ezzamouri.fr\/?cat=17\">1.1.2 Exploiter des r\u00e9f\u00e9rentiels, normes et standards adopt\u00e9s par le prestataire informatique<\/a>\n<\/li>\n\t<li class=\"cat-item cat-item-18\"><a href=\"https:\/\/yanis-ezzamouri.fr\/?cat=18\">1.1.3 Mettre en place et v\u00e9rifier les niveaux d\u2019habilitation associ\u00e9s \u00e0 un service<\/a>\n<\/li>\n\t<li class=\"cat-item cat-item-19\"><a href=\"https:\/\/yanis-ezzamouri.fr\/?cat=19\">1.1.4 V\u00e9rifier les conditions de la continuit\u00e9 d\u2019un service informatique<\/a>\n<\/li>\n\t<li class=\"cat-item cat-item-20\"><a href=\"https:\/\/yanis-ezzamouri.fr\/?cat=20\">1.1.5 G\u00e9rer des sauvegardes<\/a>\n<\/li>\n\t<li class=\"cat-item cat-item-21\"><a href=\"https:\/\/yanis-ezzamouri.fr\/?cat=21\">1.1.6 V\u00e9rifier le respect des r\u00e8gles d\u2019utilisation des ressources num\u00e9riques<\/a>\n<\/li>\n<\/ul>\n<\/li>\n\t<li class=\"cat-item cat-item-11\"><a href=\"https:\/\/yanis-ezzamouri.fr\/?cat=11\">1.2 R\u00e9pondre aux incidents et aux demandes d\u2019assistance et d\u2019\u00e9volution<\/a>\n<ul class='children'>\n\t<li class=\"cat-item cat-item-22\"><a href=\"https:\/\/yanis-ezzamouri.fr\/?cat=22\">1.2.1 Collecter, suivre et orienter des demandes<\/a>\n<\/li>\n\t<li class=\"cat-item cat-item-23\"><a href=\"https:\/\/yanis-ezzamouri.fr\/?cat=23\">1.2.2 Traiter des demandes concernant les services r\u00e9seau et syst\u00e8me, applicatifs<\/a>\n<\/li>\n\t<li class=\"cat-item cat-item-24\"><a href=\"https:\/\/yanis-ezzamouri.fr\/?cat=24\">1.2.3 Traiter des demandes concernant les applications<\/a>\n<\/li>\n<\/ul>\n<\/li>\n\t<li class=\"cat-item cat-item-12\"><a href=\"https:\/\/yanis-ezzamouri.fr\/?cat=12\">1.3 D\u00e9velopper la pr\u00e9sence en ligne de l\u2019organisation<\/a>\n<ul class='children'>\n\t<li class=\"cat-item cat-item-25\"><a href=\"https:\/\/yanis-ezzamouri.fr\/?cat=25\">1.3.1 Participer \u00e0 la valorisation de l\u2019image de l\u2019organisation sur les m\u00e9dias num\u00e9riques en tenant compte du cadre juridique et des enjeux \u00e9conomiques<\/a>\n<\/li>\n\t<li class=\"cat-item cat-item-26\"><a href=\"https:\/\/yanis-ezzamouri.fr\/?cat=26\">1.3.2 R\u00e9f\u00e9rencer les services en ligne de l\u2019organisation et mesurer leur visibilit\u00e9.<\/a>\n<\/li>\n\t<li class=\"cat-item cat-item-27\"><a href=\"https:\/\/yanis-ezzamouri.fr\/?cat=27\">1.3.3 Participer \u00e0 l\u2019\u00e9volution d\u2019un site Web exploitant les donn\u00e9es de l\u2019organisation.<\/a>\n<\/li>\n<\/ul>\n<\/li>\n\t<li class=\"cat-item cat-item-13\"><a href=\"https:\/\/yanis-ezzamouri.fr\/?cat=13\">1.4 Travailler en mode projet<\/a>\n<ul class='children'>\n\t<li class=\"cat-item cat-item-28\"><a href=\"https:\/\/yanis-ezzamouri.fr\/?cat=28\">1.4.1 Analyser les objectifs et les modalit\u00e9s d\u2019organisation d\u2019un projet<\/a>\n<\/li>\n\t<li class=\"cat-item cat-item-29\"><a href=\"https:\/\/yanis-ezzamouri.fr\/?cat=29\">1.4.2 Planifier les activit\u00e9s<\/a>\n<\/li>\n\t<li class=\"cat-item cat-item-30\"><a href=\"https:\/\/yanis-ezzamouri.fr\/?cat=30\">1.4.3 \u00c9valuer les indicateurs de suivi d\u2019un projet et analyser les \u00e9carts<\/a>\n<\/li>\n<\/ul>\n<\/li>\n\t<li class=\"cat-item cat-item-14\"><a href=\"https:\/\/yanis-ezzamouri.fr\/?cat=14\">1.5 Mettre \u00e0 disposition des utilisateurs un service informatique<\/a>\n<ul class='children'>\n\t<li class=\"cat-item cat-item-31\"><a href=\"https:\/\/yanis-ezzamouri.fr\/?cat=31\">1.5.1 R\u00e9aliser les tests d\u2019int\u00e9gration et d\u2019acceptation d\u2019un service<\/a>\n<\/li>\n\t<li class=\"cat-item cat-item-32\"><a href=\"https:\/\/yanis-ezzamouri.fr\/?cat=32\">1.5.2 D\u00e9ployer un service<\/a>\n<\/li>\n\t<li class=\"cat-item cat-item-33\"><a href=\"https:\/\/yanis-ezzamouri.fr\/?cat=33\">1.5.3 Accompagner les utilisateurs dans la mise en place d\u2019un service<\/a>\n<\/li>\n<\/ul>\n<\/li>\n\t<li class=\"cat-item cat-item-15\"><a href=\"https:\/\/yanis-ezzamouri.fr\/?cat=15\">1.6 Organiser son d\u00e9veloppement professionnel<\/a>\n<ul class='children'>\n\t<li class=\"cat-item cat-item-34\"><a href=\"https:\/\/yanis-ezzamouri.fr\/?cat=34\">1.6.1 Mettre en place son environnement d\u2019apprentissage personnel<\/a>\n<\/li>\n\t<li class=\"cat-item cat-item-35\"><a href=\"https:\/\/yanis-ezzamouri.fr\/?cat=35\">1.6.2 Mettre en \u0153uvre des outils et strat\u00e9gies de veille informationnelle<\/a>\n<\/li>\n\t<li class=\"cat-item cat-item-36\"><a href=\"https:\/\/yanis-ezzamouri.fr\/?cat=36\">1.6.3 G\u00e9rer son identit\u00e9 professionnelle<\/a>\n<\/li>\n\t<li class=\"cat-item cat-item-37\"><a href=\"https:\/\/yanis-ezzamouri.fr\/?cat=37\">1.6.4 D\u00e9velopper son projet professionnel<\/a>\n<\/li>\n<\/ul>\n<\/li>\n\t<li class=\"cat-item cat-item-1\"><a href=\"https:\/\/yanis-ezzamouri.fr\/?cat=1\">Uncategorized<\/a>\n<\/li>\n<\/ul>\n\n\n<div data-wp-interactive=\"core\/file\" class=\"wp-block-file\"><object data-wp-bind--hidden=\"!state.hasPdfPreview\" hidden class=\"wp-block-file__embed\" data=\"https:\/\/yanis-ezzamouri.fr\/wp-content\/uploads\/2026\/05\/Tableau-de-competences-Epreuve-E5-EZZAMOURI.pdf\" type=\"application\/pdf\" style=\"width:100%;height:600px\" aria-label=\"Contenu embarqu\u00e9 Tableau de comp\u00e9tences Epreuve E5 - EZZAMOURI.\"><\/object><a id=\"wp-block-file--media-1059df13-5547-4407-b7cf-80295b228d1b\" href=\"https:\/\/yanis-ezzamouri.fr\/wp-content\/uploads\/2026\/05\/Tableau-de-competences-Epreuve-E5-EZZAMOURI.pdf\">Tableau de comp\u00e9tences Epreuve E5 &#8211; EZZAMOURI<\/a><a href=\"https:\/\/yanis-ezzamouri.fr\/wp-content\/uploads\/2026\/05\/Tableau-de-competences-Epreuve-E5-EZZAMOURI.pdf\" class=\"wp-block-file__button wp-element-button\" download aria-describedby=\"wp-block-file--media-1059df13-5547-4407-b7cf-80295b228d1b\">T\u00e9l\u00e9charger<\/a><\/div>\n","protected":false},"excerpt":{"rendered":"","protected":false},"author":1,"featured_media":0,"parent":0,"menu_order":0,"comment_status":"closed","ping_status":"closed","template":"","meta":{"footnotes":""},"class_list":["post-70","page","type-page","status-publish","hentry"],"_links":{"self":[{"href":"https:\/\/yanis-ezzamouri.fr\/index.php?rest_route=\/wp\/v2\/pages\/70","targetHints":{"allow":["GET"]}}],"collection":[{"href":"https:\/\/yanis-ezzamouri.fr\/index.php?rest_route=\/wp\/v2\/pages"}],"about":[{"href":"https:\/\/yanis-ezzamouri.fr\/index.php?rest_route=\/wp\/v2\/types\/page"}],"author":[{"embeddable":true,"href":"https:\/\/yanis-ezzamouri.fr\/index.php?rest_route=\/wp\/v2\/users\/1"}],"replies":[{"embeddable":true,"href":"https:\/\/yanis-ezzamouri.fr\/index.php?rest_route=%2Fwp%2Fv2%2Fcomments&post=70"}],"version-history":[{"count":9,"href":"https:\/\/yanis-ezzamouri.fr\/index.php?rest_route=\/wp\/v2\/pages\/70\/revisions"}],"predecessor-version":[{"id":800,"href":"https:\/\/yanis-ezzamouri.fr\/index.php?rest_route=\/wp\/v2\/pages\/70\/revisions\/800"}],"wp:attachment":[{"href":"https:\/\/yanis-ezzamouri.fr\/index.php?rest_route=%2Fwp%2Fv2%2Fmedia&parent=70"}],"curies":[{"name":"wp","href":"https:\/\/api.w.org\/{rel}","templated":true}]}}